{"id":1097,"date":"2026-04-24T09:29:29","date_gmt":"2026-04-24T07:29:29","guid":{"rendered":"https:\/\/mariecariouhypnose.com\/?page_id=1097"},"modified":"2026-04-24T10:03:31","modified_gmt":"2026-04-24T08:03:31","slug":"prendre-rendez-vous","status":"publish","type":"page","link":"https:\/\/mariecariouhypnose.com\/?page_id=1097","title":{"rendered":"Prendre Rendez Vous"},"content":{"rendered":"\n<p><strong>Prendre rendez-vous<\/strong><\/p>\n\n\n\n<p>Vous avez fait un premier pas en venant jusqu&rsquo;ici. C&rsquo;est souvent le plus important.<\/p>\n\n\n\n<p>R\u00e9server une s\u00e9ance, c&rsquo;est vous offrir un vrai temps pour vous \u2014 un espace d&rsquo;\u00e9coute, de douceur et de transformation, \u00e0 votre rythme.<\/p>\n\n\n\n<p><strong>La prise de rendez-vous se fait en ligne<\/strong>, directement via le bouton ci-dessous. C&rsquo;est simple, rapide, et vous choisissez le cr\u00e9neau qui vous convient.<\/p>\n\n\n<div class=\"wp-block-image\">\n<figure class=\"aligncenter size-full\"><a href=\"https:\/\/perfactive.fr\/marie-cariou-hypnose\/new?\"><img loading=\"lazy\" decoding=\"async\" width=\"600\" height=\"150\" src=\"https:\/\/mariecariouhypnose.com\/wp-content\/uploads\/2023\/11\/1-2.png\" alt=\"Bouton prise de rdv en ligne\" class=\"wp-image-823\" srcset=\"https:\/\/mariecariouhypnose.com\/wp-content\/uploads\/2023\/11\/1-2.png 600w, https:\/\/mariecariouhypnose.com\/wp-content\/uploads\/2023\/11\/1-2-300x75.png 300w\" sizes=\"auto, (max-width: 600px) 100vw, 600px\" \/><\/a><\/figure>\n<\/div>\n\n\n<hr class=\"wp-block-separator has-alpha-channel-opacity\"\/>\n\n\n\n<p><strong>Informations pratiques<\/strong><\/p>\n\n\n\n<p><strong>Lieu<\/strong> Cabinet de Marie Cariou &#8211; 49 Rue des Chalonges &#8211; 44470 Thouar\u00e9-sur-Loire<\/p>\n\n\n\n<p><strong>Horaires<\/strong> Du lundi au samedi, de 9h \u00e0 22h<\/p>\n\n\n\n<p><strong>Tarifs<\/strong> Consultez la page Tarifs pour le d\u00e9tail des s\u00e9ances.<\/p>\n\n\n\n<figure class=\"wp-block-image size-large\"><img loading=\"lazy\" decoding=\"async\" width=\"1024\" height=\"342\" src=\"https:\/\/mariecariouhypnose.com\/wp-content\/uploads\/2023\/11\/received_512706290268583-e1777016612483-1024x342.jpeg\" alt=\"\" class=\"wp-image-845\" srcset=\"https:\/\/mariecariouhypnose.com\/wp-content\/uploads\/2023\/11\/received_512706290268583-e1777016612483-1024x342.jpeg 1024w, https:\/\/mariecariouhypnose.com\/wp-content\/uploads\/2023\/11\/received_512706290268583-e1777016612483-300x100.jpeg 300w, https:\/\/mariecariouhypnose.com\/wp-content\/uploads\/2023\/11\/received_512706290268583-e1777016612483-768x256.jpeg 768w, https:\/\/mariecariouhypnose.com\/wp-content\/uploads\/2023\/11\/received_512706290268583-e1777016612483-1536x512.jpeg 1536w, https:\/\/mariecariouhypnose.com\/wp-content\/uploads\/2023\/11\/received_512706290268583-e1777016612483.jpeg 2048w\" sizes=\"auto, (max-width: 1024px) 100vw, 1024px\" \/><\/figure>\n\n\n\n<hr class=\"wp-block-separator has-alpha-channel-opacity\"\/>\n\n\n\n<p><strong>Une question avant de vous lancer ?<\/strong><\/p>\n\n\n\n<p>Je suis disponible pour r\u00e9pondre \u00e0 vos interrogations, que ce soit sur le d\u00e9roulement d&rsquo;une s\u00e9ance, sur l&rsquo;hypnose en g\u00e9n\u00e9ral, ou simplement pour savoir si cet accompagnement est fait pour vous.<\/p>\n\n\n\n<p>N&rsquo;h\u00e9sitez pas \u00e0 me contacter : \ud83d\udcde 06 58 61 37 33 ou \u2709\ufe0f <a href=\"mailto:ma****************@***il.com\" data-original-string=\"mT3J+7GfATb8NXUniuy5wg==b7eW7nHPlMJ+aOXrqo+pyxyFH+GY67OPEmGiZgzLAJV32M=\" title=\"This contact has been encoded by Anti-Spam by CleanTalk. Click to decode. To finish the decoding make sure that JavaScript is enabled in your browser.\"><span \n                data-original-string='uwPylgkLrUfG0vHztObC0w==b7e5Pz7HrJJU+z8SzfwFSycdwYtQl7y77wWxEi9t2Sfa+c='\n                class='apbct-email-encoder'\n                title='This contact has been encoded by Anti-Spam by CleanTalk. Click to decode. To finish the decoding make sure that JavaScript is enabled in your browser.'>ma<span class=\"apbct-blur\">****************<\/span>@<span class=\"apbct-blur\">***<\/span>il.com<\/span><\/a><\/p>\n\n\n\n<p><\/p>\n","protected":false},"excerpt":{"rendered":"<p>Prendre rendez-vous Vous avez fait un premier pas en venant jusqu&rsquo;ici. C&rsquo;est souvent le plus important. R\u00e9server une s\u00e9ance, c&rsquo;est vous offrir un vrai temps pour vous \u2014 un espace d&rsquo;\u00e9coute, de douceur et de transformation, \u00e0 votre rythme. La prise de rendez-vous se fait en ligne, directement via le bouton ci-dessous. C&rsquo;est simple, rapide,&#8230;<\/p>\n","protected":false},"author":1,"featured_media":0,"parent":0,"menu_order":0,"comment_status":"closed","ping_status":"closed","template":"","meta":{"om_disable_all_campaigns":false,"_monsterinsights_skip_tracking":false,"_monsterinsights_sitenote_active":false,"_monsterinsights_sitenote_note":"","_monsterinsights_sitenote_category":0,"_kad_post_transparent":"","_kad_post_title":"","_kad_post_layout":"","_kad_post_sidebar_id":"","_kad_post_content_style":"","_kad_post_vertical_padding":"","_kad_post_feature":"","_kad_post_feature_position":"","_kad_post_header":false,"_kad_post_footer":false,"_kad_post_classname":"","footnotes":""},"class_list":["post-1097","page","type-page","status-publish","hentry"],"aioseo_notices":[],"_links":{"self":[{"href":"https:\/\/mariecariouhypnose.com\/index.php?rest_route=\/wp\/v2\/pages\/1097","targetHints":{"allow":["GET"]}}],"collection":[{"href":"https:\/\/mariecariouhypnose.com\/index.php?rest_route=\/wp\/v2\/pages"}],"about":[{"href":"https:\/\/mariecariouhypnose.com\/index.php?rest_route=\/wp\/v2\/types\/page"}],"author":[{"embeddable":true,"href":"https:\/\/mariecariouhypnose.com\/index.php?rest_route=\/wp\/v2\/users\/1"}],"replies":[{"embeddable":true,"href":"https:\/\/mariecariouhypnose.com\/index.php?rest_route=%2Fwp%2Fv2%2Fcomments&post=1097"}],"version-history":[{"count":3,"href":"https:\/\/mariecariouhypnose.com\/index.php?rest_route=\/wp\/v2\/pages\/1097\/revisions"}],"predecessor-version":[{"id":1105,"href":"https:\/\/mariecariouhypnose.com\/index.php?rest_route=\/wp\/v2\/pages\/1097\/revisions\/1105"}],"wp:attachment":[{"href":"https:\/\/mariecariouhypnose.com\/index.php?rest_route=%2Fwp%2Fv2%2Fmedia&parent=1097"}],"curies":[{"name":"wp","href":"https:\/\/api.w.org\/{rel}","templated":true}]}}