{"id":70,"date":"2022-02-10T16:43:09","date_gmt":"2022-02-10T15:43:09","guid":{"rendered":"https:\/\/mariecariouhypnose.com\/?page_id=70"},"modified":"2024-06-08T11:14:15","modified_gmt":"2024-06-08T09:14:15","slug":"dans-quel-cas-et-pou-qui","status":"publish","type":"page","link":"https:\/\/mariecariouhypnose.com\/?page_id=70","title":{"rendered":"Domaines d&rsquo;intervention"},"content":{"rendered":"\n<h4 class=\"wp-block-heading has-text-align-center\">Aujourd&rsquo;hui j&rsquo;accompagne les enfants (d\u00e8s 7 ans), adolescents et adultes pour retrouver une v\u00e9ritable qualit\u00e9 de vie.<\/h4>\n\n\n\n<p><\/p>\n\n\n\n<p class=\"has-text-align-center\">Je suis sp\u00e9cialis\u00e9e dans 3 domaines : <\/p>\n\n\n<div class=\"wp-block-image\">\n<figure class=\"aligncenter size-full\"><img loading=\"lazy\" decoding=\"async\" width=\"960\" height=\"240\" src=\"https:\/\/mariecariouhypnose.com\/wp-content\/uploads\/2024\/06\/1.png\" alt=\"\" class=\"wp-image-964\" srcset=\"https:\/\/mariecariouhypnose.com\/wp-content\/uploads\/2024\/06\/1.png 960w, https:\/\/mariecariouhypnose.com\/wp-content\/uploads\/2024\/06\/1-300x75.png 300w, https:\/\/mariecariouhypnose.com\/wp-content\/uploads\/2024\/06\/1-768x192.png 768w\" sizes=\"auto, (max-width: 960px) 100vw, 960px\" \/><\/figure>\n<\/div>\n\n<div class=\"wp-block-image\">\n<figure class=\"aligncenter size-full\"><img loading=\"lazy\" decoding=\"async\" width=\"960\" height=\"240\" src=\"https:\/\/mariecariouhypnose.com\/wp-content\/uploads\/2024\/06\/3.png\" alt=\"\" class=\"wp-image-965\" srcset=\"https:\/\/mariecariouhypnose.com\/wp-content\/uploads\/2024\/06\/3.png 960w, https:\/\/mariecariouhypnose.com\/wp-content\/uploads\/2024\/06\/3-300x75.png 300w, https:\/\/mariecariouhypnose.com\/wp-content\/uploads\/2024\/06\/3-768x192.png 768w\" sizes=\"auto, (max-width: 960px) 100vw, 960px\" \/><\/figure>\n<\/div>\n\n<div class=\"wp-block-image\">\n<figure class=\"aligncenter size-full\"><img loading=\"lazy\" decoding=\"async\" width=\"960\" height=\"240\" src=\"https:\/\/mariecariouhypnose.com\/wp-content\/uploads\/2024\/06\/2.png\" alt=\"\" class=\"wp-image-966\" srcset=\"https:\/\/mariecariouhypnose.com\/wp-content\/uploads\/2024\/06\/2.png 960w, https:\/\/mariecariouhypnose.com\/wp-content\/uploads\/2024\/06\/2-300x75.png 300w, https:\/\/mariecariouhypnose.com\/wp-content\/uploads\/2024\/06\/2-768x192.png 768w\" sizes=\"auto, (max-width: 960px) 100vw, 960px\" \/><\/figure>\n<\/div>\n\n\n<p>Mon approche est respectueuse, syst\u00e9mique et pragmatique et repose sur la confiance que vous m&rsquo;accordez.<\/p>\n\n\n\n<p>L&rsquo;hypnose, dans mon accompagnement, n&rsquo;est pas d&rsquo;un outil de relaxation, mais bien de changement.<\/p>\n\n\n\n<p>D&rsquo;ailleurs, quand je parle de travail en hypnose, ce qu&rsquo;il faut bien entendre, c&rsquo;est que c&rsquo;est vous qui allez travailler.<\/p>\n\n\n\n<p>C&rsquo;est votre travail, il vous appartient.<\/p>\n\n\n\n<h2 class=\"wp-block-heading\" id=\"alors-pourquoi-l-hypnose\">Alors pourquoi l\u2019hypnose&nbsp;?<\/h2>\n\n\n\n<p class=\"has-text-align-center\">Il y a plusieurs raisons qui peuvent vous guider dans le choix de l\u2019hypnose plut\u00f4t qu\u2019une autre th\u00e9rapie&nbsp;:<\/p>\n\n\n\n<ul class=\"wp-block-list\">\n<li>Les effets de l\u2019hypnose Ericksonienne sont reconnus scientifiquement depuis de nombreuses ann\u00e9es et elle est utilis\u00e9e quotidiennement dans les services de sant\u00e9 publique en France et \u00e0 l&rsquo;international.<\/li>\n\n\n\n<li>Il s\u2019agit d\u2019une th\u00e9rapie br\u00e8ve, qui permet de voir les changements appara\u00eetre tr\u00e8s rapidement.<\/li>\n\n\n\n<li>Le champs d\u2019action de l\u2019hypnose est pratiquement illimit\u00e9.<\/li>\n<\/ul>\n\n\n\n<p class=\"has-text-align-center\"><strong>Vous fixez vous m\u00eame les objectifs que vous souhaitez et vous restez ma\u00eetre de ceux-ci.<\/strong><\/p>\n\n\n\n<figure class=\"wp-block-gallery has-nested-images columns-default is-cropped wp-block-gallery-1 is-layout-flex wp-block-gallery-is-layout-flex\">\n<figure class=\"wp-block-image size-large\"><img loading=\"lazy\" decoding=\"async\" width=\"1024\" height=\"1024\" data-id=\"992\" src=\"https:\/\/mariecariouhypnose.com\/wp-content\/uploads\/2024\/06\/1-2-1024x1024.png\" alt=\"\" class=\"wp-image-992\" srcset=\"https:\/\/mariecariouhypnose.com\/wp-content\/uploads\/2024\/06\/1-2-1024x1024.png 1024w, https:\/\/mariecariouhypnose.com\/wp-content\/uploads\/2024\/06\/1-2-300x300.png 300w, https:\/\/mariecariouhypnose.com\/wp-content\/uploads\/2024\/06\/1-2-150x150.png 150w, https:\/\/mariecariouhypnose.com\/wp-content\/uploads\/2024\/06\/1-2-768x768.png 768w, https:\/\/mariecariouhypnose.com\/wp-content\/uploads\/2024\/06\/1-2.png 1080w\" sizes=\"auto, (max-width: 1024px) 100vw, 1024px\" \/><\/figure>\n\n\n\n<figure class=\"wp-block-image size-large\"><img loading=\"lazy\" decoding=\"async\" width=\"1024\" height=\"1024\" data-id=\"988\" src=\"https:\/\/mariecariouhypnose.com\/wp-content\/uploads\/2024\/06\/2-2-1024x1024.png\" alt=\"\" class=\"wp-image-988\" srcset=\"https:\/\/mariecariouhypnose.com\/wp-content\/uploads\/2024\/06\/2-2-1024x1024.png 1024w, https:\/\/mariecariouhypnose.com\/wp-content\/uploads\/2024\/06\/2-2-300x300.png 300w, https:\/\/mariecariouhypnose.com\/wp-content\/uploads\/2024\/06\/2-2-150x150.png 150w, https:\/\/mariecariouhypnose.com\/wp-content\/uploads\/2024\/06\/2-2-768x768.png 768w, https:\/\/mariecariouhypnose.com\/wp-content\/uploads\/2024\/06\/2-2.png 1080w\" sizes=\"auto, (max-width: 1024px) 100vw, 1024px\" \/><\/figure>\n\n\n\n<figure class=\"wp-block-image size-large\"><img loading=\"lazy\" decoding=\"async\" width=\"1024\" height=\"1024\" data-id=\"991\" src=\"https:\/\/mariecariouhypnose.com\/wp-content\/uploads\/2024\/06\/3-2-1024x1024.png\" alt=\"\" class=\"wp-image-991\" srcset=\"https:\/\/mariecariouhypnose.com\/wp-content\/uploads\/2024\/06\/3-2-1024x1024.png 1024w, https:\/\/mariecariouhypnose.com\/wp-content\/uploads\/2024\/06\/3-2-300x300.png 300w, https:\/\/mariecariouhypnose.com\/wp-content\/uploads\/2024\/06\/3-2-150x150.png 150w, https:\/\/mariecariouhypnose.com\/wp-content\/uploads\/2024\/06\/3-2-768x768.png 768w, https:\/\/mariecariouhypnose.com\/wp-content\/uploads\/2024\/06\/3-2.png 1080w\" sizes=\"auto, (max-width: 1024px) 100vw, 1024px\" \/><\/figure>\n\n\n\n<figure class=\"wp-block-image size-large\"><img loading=\"lazy\" decoding=\"async\" width=\"1024\" height=\"1024\" data-id=\"986\" src=\"https:\/\/mariecariouhypnose.com\/wp-content\/uploads\/2024\/06\/4-1-1024x1024.png\" alt=\"\" class=\"wp-image-986\" srcset=\"https:\/\/mariecariouhypnose.com\/wp-content\/uploads\/2024\/06\/4-1-1024x1024.png 1024w, https:\/\/mariecariouhypnose.com\/wp-content\/uploads\/2024\/06\/4-1-300x300.png 300w, https:\/\/mariecariouhypnose.com\/wp-content\/uploads\/2024\/06\/4-1-150x150.png 150w, https:\/\/mariecariouhypnose.com\/wp-content\/uploads\/2024\/06\/4-1-768x768.png 768w, https:\/\/mariecariouhypnose.com\/wp-content\/uploads\/2024\/06\/4-1.png 1080w\" sizes=\"auto, (max-width: 1024px) 100vw, 1024px\" \/><\/figure>\n\n\n\n<figure class=\"wp-block-image size-large\"><img loading=\"lazy\" decoding=\"async\" width=\"1024\" height=\"1024\" data-id=\"994\" src=\"https:\/\/mariecariouhypnose.com\/wp-content\/uploads\/2024\/06\/5-1-1024x1024.png\" alt=\"\" class=\"wp-image-994\" srcset=\"https:\/\/mariecariouhypnose.com\/wp-content\/uploads\/2024\/06\/5-1-1024x1024.png 1024w, https:\/\/mariecariouhypnose.com\/wp-content\/uploads\/2024\/06\/5-1-300x300.png 300w, https:\/\/mariecariouhypnose.com\/wp-content\/uploads\/2024\/06\/5-1-150x150.png 150w, https:\/\/mariecariouhypnose.com\/wp-content\/uploads\/2024\/06\/5-1-768x768.png 768w, https:\/\/mariecariouhypnose.com\/wp-content\/uploads\/2024\/06\/5-1.png 1080w\" sizes=\"auto, (max-width: 1024px) 100vw, 1024px\" \/><\/figure>\n\n\n\n<figure class=\"wp-block-image size-large\"><img loading=\"lazy\" decoding=\"async\" width=\"1024\" height=\"1024\" data-id=\"990\" src=\"https:\/\/mariecariouhypnose.com\/wp-content\/uploads\/2024\/06\/6-1-1024x1024.png\" alt=\"\" class=\"wp-image-990\" srcset=\"https:\/\/mariecariouhypnose.com\/wp-content\/uploads\/2024\/06\/6-1-1024x1024.png 1024w, https:\/\/mariecariouhypnose.com\/wp-content\/uploads\/2024\/06\/6-1-300x300.png 300w, https:\/\/mariecariouhypnose.com\/wp-content\/uploads\/2024\/06\/6-1-150x150.png 150w, https:\/\/mariecariouhypnose.com\/wp-content\/uploads\/2024\/06\/6-1-768x768.png 768w, https:\/\/mariecariouhypnose.com\/wp-content\/uploads\/2024\/06\/6-1.png 1080w\" sizes=\"auto, (max-width: 1024px) 100vw, 1024px\" \/><\/figure>\n\n\n\n<figure class=\"wp-block-image size-large\"><img loading=\"lazy\" decoding=\"async\" width=\"1024\" height=\"1024\" data-id=\"993\" src=\"https:\/\/mariecariouhypnose.com\/wp-content\/uploads\/2024\/06\/7-1-1024x1024.png\" alt=\"\" class=\"wp-image-993\" srcset=\"https:\/\/mariecariouhypnose.com\/wp-content\/uploads\/2024\/06\/7-1-1024x1024.png 1024w, https:\/\/mariecariouhypnose.com\/wp-content\/uploads\/2024\/06\/7-1-300x300.png 300w, https:\/\/mariecariouhypnose.com\/wp-content\/uploads\/2024\/06\/7-1-150x150.png 150w, https:\/\/mariecariouhypnose.com\/wp-content\/uploads\/2024\/06\/7-1-768x768.png 768w, https:\/\/mariecariouhypnose.com\/wp-content\/uploads\/2024\/06\/7-1.png 1080w\" sizes=\"auto, (max-width: 1024px) 100vw, 1024px\" \/><\/figure>\n\n\n\n<figure class=\"wp-block-image size-large\"><img loading=\"lazy\" decoding=\"async\" width=\"1024\" height=\"1024\" data-id=\"987\" src=\"https:\/\/mariecariouhypnose.com\/wp-content\/uploads\/2024\/06\/9-1-1024x1024.png\" alt=\"\" class=\"wp-image-987\" srcset=\"https:\/\/mariecariouhypnose.com\/wp-content\/uploads\/2024\/06\/9-1-1024x1024.png 1024w, https:\/\/mariecariouhypnose.com\/wp-content\/uploads\/2024\/06\/9-1-300x300.png 300w, https:\/\/mariecariouhypnose.com\/wp-content\/uploads\/2024\/06\/9-1-150x150.png 150w, https:\/\/mariecariouhypnose.com\/wp-content\/uploads\/2024\/06\/9-1-768x768.png 768w, https:\/\/mariecariouhypnose.com\/wp-content\/uploads\/2024\/06\/9-1.png 1080w\" sizes=\"auto, (max-width: 1024px) 100vw, 1024px\" \/><\/figure>\n\n\n\n<figure class=\"wp-block-image size-large\"><img loading=\"lazy\" decoding=\"async\" width=\"1024\" height=\"1024\" data-id=\"989\" src=\"https:\/\/mariecariouhypnose.com\/wp-content\/uploads\/2024\/06\/10-1-1024x1024.png\" alt=\"\" class=\"wp-image-989\" srcset=\"https:\/\/mariecariouhypnose.com\/wp-content\/uploads\/2024\/06\/10-1-1024x1024.png 1024w, https:\/\/mariecariouhypnose.com\/wp-content\/uploads\/2024\/06\/10-1-300x300.png 300w, https:\/\/mariecariouhypnose.com\/wp-content\/uploads\/2024\/06\/10-1-150x150.png 150w, https:\/\/mariecariouhypnose.com\/wp-content\/uploads\/2024\/06\/10-1-768x768.png 768w, https:\/\/mariecariouhypnose.com\/wp-content\/uploads\/2024\/06\/10-1.png 1080w\" sizes=\"auto, (max-width: 1024px) 100vw, 1024px\" \/><\/figure>\n<\/figure>\n\n\n\n<h2 class=\"wp-block-heading\" id=\"a-qui-s-adresse-l-hypnose\">A qui s\u2019adresse l\u2019hypnose?<\/h2>\n\n\n\n<p class=\"has-text-align-center\">C\u2019est assez simple, \u00e0 toute personne souhaitant am\u00e9liorer sa vie. <\/p>\n\n\n\n<p class=\"has-text-align-center\">Que ce soit d\u2019un point de vue personnel, professionnel ou social.<\/p>\n\n\n<div class=\"wp-block-image\">\n<figure class=\"aligncenter size-full\"><img loading=\"lazy\" decoding=\"async\" width=\"960\" height=\"240\" src=\"https:\/\/mariecariouhypnose.com\/wp-content\/uploads\/2024\/06\/Grayscale-Womans-Eyes-Event-Banner.png\" alt=\"\" class=\"wp-image-969\" srcset=\"https:\/\/mariecariouhypnose.com\/wp-content\/uploads\/2024\/06\/Grayscale-Womans-Eyes-Event-Banner.png 960w, https:\/\/mariecariouhypnose.com\/wp-content\/uploads\/2024\/06\/Grayscale-Womans-Eyes-Event-Banner-300x75.png 300w, https:\/\/mariecariouhypnose.com\/wp-content\/uploads\/2024\/06\/Grayscale-Womans-Eyes-Event-Banner-768x192.png 768w\" sizes=\"auto, (max-width: 960px) 100vw, 960px\" \/><\/figure>\n<\/div>\n\n\n<p class=\"has-text-align-center\">L\u2019hypnose est un outil permettant un accompagnement de ces changements, et peut dans certains cas s\u2019av\u00e9rer presque miraculeux, cependant cela reste un outil qui \u00e0 des limites, notamment de ne pas se substituer \u00e0 un r\u00e9el d\u00e9sir de changement.<\/p>\n\n\n\n<p class=\"has-text-align-center\">L\u2019\u00e9tat d\u2019hypnose \u00e9tant parfaitement naturel, nous sommes tous capable d\u2019entrer en transe hypnotique, cependant pour que l\u2019accompagnement th\u00e9rapeutique soit efficace il s\u2019agit r\u00e9ellement d\u2019une coop\u00e9ration entre vous et moi.<\/p>\n\n\n\n<p class=\"has-text-align-center\">L&rsquo;hypnose n&rsquo;est pas un traitement m\u00e9dical, je ne suis pas m\u00e9decin, mais je suis simplement l\u00e0 pour vous permettre de trouver en vous les ressources n\u00e9cessaires pour trouver ou retrouver s\u00e9r\u00e9nit\u00e9 et bien \u00eatre et parfois changer les choses qui doivent l&rsquo;\u00eatre.<\/p>\n\n\n\n<p class=\"has-text-align-center\">Je suis consciente que parfois changer peut faire un peu peur, m\u00eame lorsque on le choisi, mais je vous accompagne le long de ces \u00e9tapes en douceur, avec bienveillance et en respectant votre rythme et vos besoins.<\/p>\n\n\n\n<p class=\"has-text-align-center\">N&rsquo;h\u00e9sitez pas \u00e0 visiter les bonbons, pour vous faire une id\u00e9e de l&rsquo;accompagnement que je propose.<\/p>\n\n\n\n<div class=\"wp-block-buttons is-layout-flex wp-block-buttons-is-layout-flex\">\n<div class=\"wp-block-button aligncenter\"><a class=\"wp-block-button__link wp-element-button\" href=\"\" target=\"_blank\" rel=\"noreferrer noopener\">Les Bonbons<\/a><\/div>\n<\/div>\n\n\n\n<p class=\"has-text-align-center\">Au plaisir de vous rencontrer&#8230;<\/p>\n\n\n\n<p class=\"has-text-align-right\">Marie<\/p>\n","protected":false},"excerpt":{"rendered":"<p>Aujourd&rsquo;hui j&rsquo;accompagne les enfants (d\u00e8s 7 ans), adolescents et adultes pour retrouver une v\u00e9ritable qualit\u00e9 de vie. Je suis sp\u00e9cialis\u00e9e dans 3 domaines : Mon approche est respectueuse, syst\u00e9mique et pragmatique et repose sur la confiance que vous m&rsquo;accordez. L&rsquo;hypnose, dans mon accompagnement, n&rsquo;est pas d&rsquo;un outil de relaxation, mais bien de changement. D&rsquo;ailleurs, quand&#8230;<\/p>\n","protected":false},"author":1,"featured_media":0,"parent":0,"menu_order":0,"comment_status":"closed","ping_status":"closed","template":"","meta":{"om_disable_all_campaigns":false,"_monsterinsights_skip_tracking":false,"_monsterinsights_sitenote_active":false,"_monsterinsights_sitenote_note":"","_monsterinsights_sitenote_category":0,"_kad_post_transparent":"","_kad_post_title":"","_kad_post_layout":"left","_kad_post_sidebar_id":"default","_kad_post_content_style":"","_kad_post_vertical_padding":"","_kad_post_feature":"","_kad_post_feature_position":"","_kad_post_header":false,"_kad_post_footer":false,"_kad_post_classname":"","footnotes":""},"class_list":["post-70","page","type-page","status-publish","hentry"],"aioseo_notices":[],"_links":{"self":[{"href":"https:\/\/mariecariouhypnose.com\/index.php?rest_route=\/wp\/v2\/pages\/70","targetHints":{"allow":["GET"]}}],"collection":[{"href":"https:\/\/mariecariouhypnose.com\/index.php?rest_route=\/wp\/v2\/pages"}],"about":[{"href":"https:\/\/mariecariouhypnose.com\/index.php?rest_route=\/wp\/v2\/types\/page"}],"author":[{"embeddable":true,"href":"https:\/\/mariecariouhypnose.com\/index.php?rest_route=\/wp\/v2\/users\/1"}],"replies":[{"embeddable":true,"href":"https:\/\/mariecariouhypnose.com\/index.php?rest_route=%2Fwp%2Fv2%2Fcomments&post=70"}],"version-history":[{"count":43,"href":"https:\/\/mariecariouhypnose.com\/index.php?rest_route=\/wp\/v2\/pages\/70\/revisions"}],"predecessor-version":[{"id":997,"href":"https:\/\/mariecariouhypnose.com\/index.php?rest_route=\/wp\/v2\/pages\/70\/revisions\/997"}],"wp:attachment":[{"href":"https:\/\/mariecariouhypnose.com\/index.php?rest_route=%2Fwp%2Fv2%2Fmedia&parent=70"}],"curies":[{"name":"wp","href":"https:\/\/api.w.org\/{rel}","templated":true}]}}