{"id":89,"date":"2022-02-10T16:42:45","date_gmt":"2022-02-10T15:42:45","guid":{"rendered":"https:\/\/mariecariouhypnose.com\/?page_id=89"},"modified":"2024-06-08T11:27:11","modified_gmt":"2024-06-08T09:27:11","slug":"informations-pratiques","status":"publish","type":"page","link":"https:\/\/mariecariouhypnose.com\/?page_id=89","title":{"rendered":"Tarifs et Informations pratiques"},"content":{"rendered":"\n<p class=\"has-text-align-center\">Paiement par CB, esp\u00e8ces ou ch\u00e8que.<\/p>\n\n\n\n<p class=\"has-text-align-center\">Sauf circonstances exceptionnelles, toute s\u00e9ance annul\u00e9e \u2013 de 24h \u00e0 l\u2019avance est due.<\/p>\n\n\n\n<figure class=\"wp-block-image size-large\"><img loading=\"lazy\" decoding=\"async\" width=\"1024\" height=\"1024\" src=\"https:\/\/mariecariouhypnose.com\/wp-content\/uploads\/2024\/02\/En-Janvier-les-tarifs-evoluent.-5-1024x1024.png\" alt=\"Tarif 2024\" class=\"wp-image-901\" srcset=\"https:\/\/mariecariouhypnose.com\/wp-content\/uploads\/2024\/02\/En-Janvier-les-tarifs-evoluent.-5-1024x1024.png 1024w, https:\/\/mariecariouhypnose.com\/wp-content\/uploads\/2024\/02\/En-Janvier-les-tarifs-evoluent.-5-300x300.png 300w, https:\/\/mariecariouhypnose.com\/wp-content\/uploads\/2024\/02\/En-Janvier-les-tarifs-evoluent.-5-150x150.png 150w, https:\/\/mariecariouhypnose.com\/wp-content\/uploads\/2024\/02\/En-Janvier-les-tarifs-evoluent.-5-768x768.png 768w, https:\/\/mariecariouhypnose.com\/wp-content\/uploads\/2024\/02\/En-Janvier-les-tarifs-evoluent.-5.png 1080w\" sizes=\"auto, (max-width: 1024px) 100vw, 1024px\" \/><\/figure>\n\n\n\n<p class=\"has-text-align-center\">Le cabinet se situe au <\/p>\n\n\n\n<h3 class=\"wp-block-heading has-text-align-center\" id=\"49-rue-des-chalonges\">49 Rue des Chalonges<\/h3>\n\n\n\n<h3 class=\"wp-block-heading has-text-align-center\" id=\"44470-thouare-sur-loire\"> 44470 Thouar\u00e9 Sur Loire.<\/h3>\n\n\n\n<iframe src=\"https:\/\/www.google.com\/maps\/embed?pb=!1m18!1m12!1m3!1d10828.307447187564!2d-1.4273995000000002!3d47.273752!2m3!1f0!2f0!3f0!3m2!1i1024!2i768!4f13.1!3m3!1m2!1s0x4805e4d389ae9dd1%3A0x704c312c7dcc3e2e!2s49%20Rue%20des%20Chalonges%2C%2044470%20Thouar%C3%A9-sur-Loire!5e0!3m2!1sfr!2sfr!4v1651994746810!5m2!1sfr!2sfr\" width=\"600\" height=\"450\" style=\"border:0;\" allowfullscreen=\"\" loading=\"lazy\" referrerpolicy=\"no-referrer-when-downgrade\"><\/iframe>\n\n\n\n<div class=\"wp-block-buttons alignwide is-content-justification-center is-layout-flex wp-container-core-buttons-is-layout-16018d1d wp-block-buttons-is-layout-flex\"><\/div>\n\n\n\n<div class=\"wp-block-buttons alignwide is-content-justification-center is-layout-flex wp-container-core-buttons-is-layout-16018d1d wp-block-buttons-is-layout-flex\">\n<div class=\"wp-block-button is-style-outline is-style-outline--1\"><a class=\"wp-block-button__link wp-element-button\" href=\"https:\/\/ul.waze.com\/ul?place=ChIJ0Z2uidPkBUgRLj7MfSwxTHA&amp;ll=47.28023270%2C-1.43279860&amp;navigate=yes&amp;utm_campaign=default&amp;utm_source=waze_website&amp;utm_medium=lm_share_location\" target=\"_blank\" rel=\"noreferrer noopener\">Itin\u00e9raire Waze<\/a><\/div>\n<\/div>\n\n\n\n<p class=\"has-text-align-center\">Vous pourrez stationner directement dans la cour.<\/p>\n\n\n\n<p class=\"has-text-align-center\">Il n&rsquo;y a pas de salle d&rsquo;attente, je viendrais vous chercher dans la cour \u00e0 l&rsquo;heure de notre rendez-vous.<\/p>\n\n\n\n<p class=\"has-text-align-center\">Si vous ne pouvez pas honorer notre rendez-vous, je vous remercie de me pr\u00e9venir dans les meilleurs d\u00e9lais par t\u00e9l\u00e9phone ou sms.<\/p>\n\n\n\n<figure class=\"wp-block-image size-large\"><img loading=\"lazy\" decoding=\"async\" width=\"1024\" height=\"768\" src=\"https:\/\/mariecariouhypnose.com\/wp-content\/uploads\/2022\/02\/received_1145915789503623-1024x768.jpeg\" alt=\"\" class=\"wp-image-285\" srcset=\"https:\/\/mariecariouhypnose.com\/wp-content\/uploads\/2022\/02\/received_1145915789503623-1024x768.jpeg 1024w, https:\/\/mariecariouhypnose.com\/wp-content\/uploads\/2022\/02\/received_1145915789503623-300x225.jpeg 300w, https:\/\/mariecariouhypnose.com\/wp-content\/uploads\/2022\/02\/received_1145915789503623-768x576.jpeg 768w, https:\/\/mariecariouhypnose.com\/wp-content\/uploads\/2022\/02\/received_1145915789503623-1536x1152.jpeg 1536w, https:\/\/mariecariouhypnose.com\/wp-content\/uploads\/2022\/02\/received_1145915789503623.jpeg 2048w\" sizes=\"auto, (max-width: 1024px) 100vw, 1024px\" \/><\/figure>\n\n\n\n<figure class=\"wp-block-image size-large\"><img loading=\"lazy\" decoding=\"async\" width=\"1024\" height=\"768\" src=\"https:\/\/mariecariouhypnose.com\/wp-content\/uploads\/2022\/02\/received_532033368148411-1024x768.jpeg\" alt=\"\" class=\"wp-image-287\" srcset=\"https:\/\/mariecariouhypnose.com\/wp-content\/uploads\/2022\/02\/received_532033368148411-1024x768.jpeg 1024w, https:\/\/mariecariouhypnose.com\/wp-content\/uploads\/2022\/02\/received_532033368148411-300x225.jpeg 300w, https:\/\/mariecariouhypnose.com\/wp-content\/uploads\/2022\/02\/received_532033368148411-768x576.jpeg 768w, https:\/\/mariecariouhypnose.com\/wp-content\/uploads\/2022\/02\/received_532033368148411-1536x1152.jpeg 1536w, https:\/\/mariecariouhypnose.com\/wp-content\/uploads\/2022\/02\/received_532033368148411.jpeg 2048w\" sizes=\"auto, (max-width: 1024px) 100vw, 1024px\" \/><\/figure>\n\n\n\n<figure class=\"wp-block-image size-large\"><img loading=\"lazy\" decoding=\"async\" width=\"1024\" height=\"768\" src=\"https:\/\/mariecariouhypnose.com\/wp-content\/uploads\/2022\/02\/received_5210834848947998-1024x768.jpeg\" alt=\"\" class=\"wp-image-288\" srcset=\"https:\/\/mariecariouhypnose.com\/wp-content\/uploads\/2022\/02\/received_5210834848947998-1024x768.jpeg 1024w, https:\/\/mariecariouhypnose.com\/wp-content\/uploads\/2022\/02\/received_5210834848947998-300x225.jpeg 300w, https:\/\/mariecariouhypnose.com\/wp-content\/uploads\/2022\/02\/received_5210834848947998-768x576.jpeg 768w, https:\/\/mariecariouhypnose.com\/wp-content\/uploads\/2022\/02\/received_5210834848947998-1536x1152.jpeg 1536w, https:\/\/mariecariouhypnose.com\/wp-content\/uploads\/2022\/02\/received_5210834848947998.jpeg 2048w\" sizes=\"auto, (max-width: 1024px) 100vw, 1024px\" \/><\/figure>\n","protected":false},"excerpt":{"rendered":"<p>Paiement par CB, esp\u00e8ces ou ch\u00e8que. Sauf circonstances exceptionnelles, toute s\u00e9ance annul\u00e9e \u2013 de 24h \u00e0 l\u2019avance est due. Le cabinet se situe au 49 Rue des Chalonges 44470 Thouar\u00e9 Sur Loire. Vous pourrez stationner directement dans la cour. Il n&rsquo;y a pas de salle d&rsquo;attente, je viendrais vous chercher dans la cour \u00e0 l&rsquo;heure&#8230;<\/p>\n","protected":false},"author":1,"featured_media":0,"parent":0,"menu_order":0,"comment_status":"closed","ping_status":"closed","template":"","meta":{"om_disable_all_campaigns":false,"_monsterinsights_skip_tracking":false,"_monsterinsights_sitenote_active":false,"_monsterinsights_sitenote_note":"","_monsterinsights_sitenote_category":0,"_kad_post_transparent":"","_kad_post_title":"","_kad_post_layout":"left","_kad_post_sidebar_id":"default","_kad_post_content_style":"","_kad_post_vertical_padding":"","_kad_post_feature":"","_kad_post_feature_position":"","_kad_post_header":false,"_kad_post_footer":false,"_kad_post_classname":"","footnotes":""},"class_list":["post-89","page","type-page","status-publish","hentry"],"aioseo_notices":[],"_links":{"self":[{"href":"https:\/\/mariecariouhypnose.com\/index.php?rest_route=\/wp\/v2\/pages\/89","targetHints":{"allow":["GET"]}}],"collection":[{"href":"https:\/\/mariecariouhypnose.com\/index.php?rest_route=\/wp\/v2\/pages"}],"about":[{"href":"https:\/\/mariecariouhypnose.com\/index.php?rest_route=\/wp\/v2\/types\/page"}],"author":[{"embeddable":true,"href":"https:\/\/mariecariouhypnose.com\/index.php?rest_route=\/wp\/v2\/users\/1"}],"replies":[{"embeddable":true,"href":"https:\/\/mariecariouhypnose.com\/index.php?rest_route=%2Fwp%2Fv2%2Fcomments&post=89"}],"version-history":[{"count":18,"href":"https:\/\/mariecariouhypnose.com\/index.php?rest_route=\/wp\/v2\/pages\/89\/revisions"}],"predecessor-version":[{"id":1000,"href":"https:\/\/mariecariouhypnose.com\/index.php?rest_route=\/wp\/v2\/pages\/89\/revisions\/1000"}],"wp:attachment":[{"href":"https:\/\/mariecariouhypnose.com\/index.php?rest_route=%2Fwp%2Fv2%2Fmedia&parent=89"}],"curies":[{"name":"wp","href":"https:\/\/api.w.org\/{rel}","templated":true}]}}